{"id":2442,"date":"2024-01-15T02:03:42","date_gmt":"2024-01-15T02:03:42","guid":{"rendered":"https:\/\/halbestunde.com\/optical-music-recognition-fff\/"},"modified":"2024-01-22T08:11:48","modified_gmt":"2024-01-22T08:11:48","slug":"optical-music-recognition","status":"publish","type":"page","link":"https:\/\/halbestunde.com\/de\/optical-music-recognition\/","title":{"rendered":"Die Optical Music Recognition (OMR)  von Halbestunde"},"content":{"rendered":"<p>[et_pb_section fb_built=&#8220;1&#8243; custom_padding_last_edited=&#8220;on|desktop&#8220; _builder_version=&#8220;4.24.0&#8243; _module_preset=&#8220;default&#8220; background_color=&#8220;#e1f7ff&#8220; custom_margin=&#8220;||0px||false|false&#8220; custom_padding=&#8220;7.5em||0px||false|false&#8220; custom_padding_tablet=&#8220;6.5em||||false|false&#8220; custom_padding_phone=&#8220;6.5em||||false|false&#8220; hover_enabled=&#8220;0&#8243; global_colors_info=&#8220;{}&#8220; sticky_enabled=&#8220;0&#8243;][et_pb_row _builder_version=&#8220;4.24.0&#8243; _module_preset=&#8220;default&#8220; global_colors_info=&#8220;{}&#8220;][et_pb_column type=&#8220;4_4&#8243; _builder_version=&#8220;4.24.0&#8243; _module_preset=&#8220;default&#8220; global_colors_info=&#8220;{}&#8220;][et_pb_text _builder_version=&#8220;4.24.0&#8243; _module_preset=&#8220;default&#8220; global_colors_info=&#8220;{}&#8220;]<\/p>\n<h1>Die Optical Music Recognition (OMR) von Halbestunde<\/h1>\n<p>[\/et_pb_text][\/et_pb_column][\/et_pb_row][et_pb_row column_structure=&#8220;3_4,1_4&#8243; module_class=&#8220;background-hand&#8220; _builder_version=&#8220;4.24.0&#8243; _module_preset=&#8220;default&#8220; background_image=&#8220;https:\/\/halbestunde.com\/wp-content\/uploads\/2024\/01\/optical-music-recognition.webp&#8220; custom_padding=&#8220;||0px||false|false&#8220; global_colors_info=&#8220;{}&#8220;][et_pb_column type=&#8220;3_4&#8243; _builder_version=&#8220;4.24.0&#8243; _module_preset=&#8220;default&#8220; global_colors_info=&#8220;{}&#8220;][et_pb_text _builder_version=&#8220;4.24.0&#8243; _module_preset=&#8220;default&#8220; custom_padding=&#8220;||2em||false|false&#8220; global_colors_info=&#8220;{}&#8220;]<\/p>\n<h4>Was ist die Optical Music Recognition (OMR) von Halbestunde?<\/h4>\n<p>Die Halbestunde OMR konvertiert Notenbl\u00e4tter in XML- und Midi-Dateien, die von anderen Anwendungen und Software genutzt werden k\u00f6nnen. Sie nutzt maschinelles Lernen, um die Noten aus PDFs und Benutzerfotos zu digitalisieren, und ist darauf trainiert, Blickwinkel, Belichtungen und Bildausschnitte zu ber\u00fccksichtigen. Sie ist ideal f\u00fcr Unternehmen, die eine fertige L\u00f6sung ben\u00f6tigen und nicht die Zeit und Kapazit\u00e4t haben, eine eigene L\u00f6sung von Grund auf zu entwickeln.\u00a0<\/p>\n<p>Der Zugang zu unserer Technologie erfolgt \u00fcber eine API, sodass Sie sie in jeder mobilen oder Web-Anwendung einsetzen k\u00f6nnen.<\/p>\n<p>Derzeit unterst\u00fctzt die Halbestunde OMR eine Vielzahl von Instrumenten, vom Klavier bis zu Orchesterinstrumenten, und kann Noten mit mehreren Notensystemen und Stimmen effizient verarbeiten.\u00a0<\/p>\n<p>F\u00fcr weitere Informationen z\u00f6gern Sie bitte nicht, uns zu kontaktieren und sich \u00fcber die M\u00f6glichkeiten unserer Software zu informieren.[\/et_pb_text][\/et_pb_column][et_pb_column type=&#8220;1_4&#8243; _builder_version=&#8220;4.24.0&#8243; _module_preset=&#8220;default&#8220; global_colors_info=&#8220;{}&#8220;][et_pb_image src=&#8220;https:\/\/halbestunde.com\/wp-content\/uploads\/2024\/01\/optical-music-recognition.webp&#8220; title_text=&#8220;optical-music-recognition&#8220; align=&#8220;center&#8220; disabled_on=&#8220;off|off|on&#8220; _builder_version=&#8220;4.24.0&#8243; _module_preset=&#8220;default&#8220; transform_translate_linked=&#8220;off&#8220; global_colors_info=&#8220;{}&#8220;][\/et_pb_image][\/et_pb_column][\/et_pb_row][\/et_pb_section][et_pb_section fb_built=&#8220;1&#8243; _builder_version=&#8220;4.24.0&#8243; _module_preset=&#8220;default&#8220; custom_padding=&#8220;||9.5em||false|false&#8220; global_colors_info=&#8220;{}&#8220;][et_pb_row _builder_version=&#8220;4.24.0&#8243; _module_preset=&#8220;default&#8220; global_colors_info=&#8220;{}&#8220;][et_pb_column type=&#8220;4_4&#8243; _builder_version=&#8220;4.24.0&#8243; _module_preset=&#8220;default&#8220; global_colors_info=&#8220;{}&#8220;][et_pb_text _builder_version=&#8220;4.24.0&#8243; _module_preset=&#8220;default&#8220; global_colors_info=&#8220;{}&#8220;]<\/p>\n<h4>Technische Spezifikationen<\/h4>\n<ul>\n<li>Das Halbestunde OMR kann 113 Musiksymbole erkennen und Notenbl\u00e4tter in verschiedenen Schl\u00fcsseln, einschlie\u00dflich Violin-, Alt- und Bassschl\u00fcssel, verarbeiten.<\/li>\n<li>Seine auf KI basierende Technologie ist in der Lage, mehrere Stimmen auf einem einzigen System und komplexe F\u00e4lle mit mehreren Instrumenten zu erkennen.<\/li>\n<li>Es ist anderen L\u00f6sungen weit \u00fcberlegen, besonders wenn es um die Digitalisierung von Benutzerfotos geht. Unser Team von Experten f\u00fcr maschinelles Lernen bereichert unseren eigenen Datensatz mit einer Vielzahl von Szenarien, in denen die Notenbl\u00e4tter nicht einfach eindeutige, klare PDFs sind, und stellt sicher, dass das OMR mit jedem Benutzerscan lernt.<\/li>\n<li>Die durchschnittliche Bearbeitungszeit f\u00fcr Noten mit bis zu 4 Seiten betr\u00e4gt weniger als 30 Sekunden, w\u00e4hrend Noten mit 10 oder mehr Seiten bis zu 2 Minuten dauern k\u00f6nnen.<\/li>\n<\/ul>\n<p>Wir verbessern kontinuierlich seine Funktionalit\u00e4t, indem wir uns auf komplexe F\u00e4lle mit mehreren Instrumenten konzentrieren und unserem Datensatz neue Musiksymbole hinzuf\u00fcgen. Sie k\u00f6nnen von der Halbestunde OMR API profitieren, wenn Ihre Marke in einem Bereich t\u00e4tig ist, der L\u00f6sungen f\u00fcr Musiker anbietet, die an Klavierkompositionen, Soloinstrumenten oder komplexen Arrangements mit mehreren Instrumenten wie Ch\u00f6ren, Bands und Orchestern interessiert sind.[\/et_pb_text][et_pb_text _builder_version=&#8220;4.24.0&#8243; _module_preset=&#8220;default&#8220; global_colors_info=&#8220;{}&#8220;]<\/p>\n<h4>Wie k\u00f6nnen Sie es testen und uns kontaktieren?<\/h4>\n<p>Sie k\u00f6nnen den OMR testen, indem Sie die Halbestunde App herunterladen. Bitte beachten Sie, dass nur die iOS-Version die neueste Entwicklungsstufe verwendet.<\/p>\n<ul class=\"download-apps\" style=\"padding-bottom:1em;\">\n<li><a href=\"https:\/\/apps.apple.com\/us\/app\/halbestunde-sheet-music-reader\/id1519736220\" target=\"_blank\" rel=\"noopener\"><img decoding=\"async\" style=\"max-width:140px\" src=\"https:\/\/halbestunde.com\/wp-content\/uploads\/2023\/02\/appstore-ready.png\"><\/a><\/li>\n<li><a href=\"https:\/\/play.google.com\/store\/apps\/details?id=de.halbestundeuben.app\" target=\"_blank\" rel=\"noopener\"><img decoding=\"async\" style=\"max-width:140px\" src=\"https:\/\/halbestunde.com\/wp-content\/uploads\/2023\/02\/gplay-ready.png\"><\/a><\/li>\n<\/ul>\n<p>Sie k\u00f6nnen sich auch mit uns in Verbindung setzen, um mehr \u00fcber zus\u00e4tzliche Funktionen und aktuelle Einschr\u00e4nkungen zu erfahren. Wenn Sie z.B. an einer L\u00f6sung f\u00fcr das Transponieren von Noten interessiert sind, k\u00f6nnen wir Ihnen auch diese anbieten und Ihnen weitere M\u00f6glichkeiten aufzeigen, wie Sie Ihre Nutzer begeistern und ihnen das beste Erlebnis bieten k\u00f6nnen.<\/p>\n<p>F\u00fcr Unternehmen, die im gleichen Bereich wie Halbestunde t\u00e4tig sind, bieten wir eine wettbewerbsneutrale L\u00f6sung an. Die Lizenzierung kann unter <a style=\"color:#152556;text-decoration:underline\" href=\"mailto:support@halbestunde.com\">support@halbestunde.com<\/a> besprochen werden. Wir bieten verschiedene Tarife an, je nach den Besonderheiten der Nutzung und dem Umfang des Datenverbrauchs. Wir sind flexibel und sehr offen f\u00fcr ein Gespr\u00e4ch, also z\u00f6gern Sie nicht, uns anzuschreiben![\/et_pb_text][\/et_pb_column][\/et_pb_row][\/et_pb_section][et_pb_section fb_built=&#8220;1&#8243; module_id=&#8220;feedbacks-requests&#8220; module_class=&#8220;boxed-section&#8220; _builder_version=&#8220;4.19.4&#8243; _module_preset=&#8220;default&#8220; custom_padding=&#8220;1.8em||1.8em||false|false&#8220; global_colors_info=&#8220;{}&#8220;][et_pb_row _builder_version=&#8220;4.19.4&#8243; _module_preset=&#8220;default&#8220; global_colors_info=&#8220;{}&#8220;][et_pb_column type=&#8220;4_4&#8243; _builder_version=&#8220;4.19.4&#8243; _module_preset=&#8220;default&#8220; global_colors_info=&#8220;{}&#8220;][et_pb_text admin_label=&#8220;Feedbacks&#8220; _builder_version=&#8220;4.24.0&#8243; _module_preset=&#8220;default&#8220; global_colors_info=&#8220;{}&#8220;]<\/p>\n<div>\n<h2 class=\"aligncenter\" style=\"line-height:125%;max-width:435px;\">Nehmen Sie Kontakt mit uns auf<\/h2>\n<h6 class=\"aligncenter\">M\u00f6chten Sie mit uns zusammenarbeiten oder mehr \u00fcber die Halbestunde OMR erfahren? Lassen Sie es uns wissen!<\/h6>\n<div class=\"contact-form--frame\">\n<div class=\"wpcf7 no-js\" id=\"wpcf7-f2097-o1\" lang=\"en-US\" dir=\"ltr\" data-wpcf7-id=\"2097\">\n<div class=\"screen-reader-response\"><p role=\"status\" aria-live=\"polite\" aria-atomic=\"true\"><\/p> <ul><\/ul><\/div>\n<form action=\"\/de\/wp-json\/wp\/v2\/pages\/2442#wpcf7-f2097-o1\" method=\"post\" class=\"wpcf7-form init\" aria-label=\"Contact form\" novalidate=\"novalidate\" data-status=\"init\">\n<div style=\"display: none;\">\n<input type=\"hidden\" name=\"_wpcf7\" value=\"2097\" \/>\n<input type=\"hidden\" name=\"_wpcf7_version\" value=\"6.0.6\" \/>\n<input type=\"hidden\" name=\"_wpcf7_locale\" value=\"en_US\" \/>\n<input type=\"hidden\" name=\"_wpcf7_unit_tag\" value=\"wpcf7-f2097-o1\" \/>\n<input type=\"hidden\" name=\"_wpcf7_container_post\" value=\"0\" \/>\n<input type=\"hidden\" name=\"_wpcf7_posted_data_hash\" value=\"\" \/>\n<input type=\"hidden\" name=\"_wpcf7_recaptcha_response\" value=\"\" \/>\n<\/div>\n<div class=\"cf--row\">\n\t<div class=\"half first\">\n\t\t<p><label> Vorname<br \/>\n<span class=\"wpcf7-form-control-wrap\" data-name=\"your-name\"><input size=\"40\" maxlength=\"400\" class=\"wpcf7-form-control wpcf7-text wpcf7-validates-as-required\" autocomplete=\"name\" aria-required=\"true\" aria-invalid=\"false\" placeholder=\"John\" value=\"\" type=\"text\" name=\"your-name\" \/><\/span> <\/label>\n\t\t<\/p>\n\t<\/div>\n\t<div class=\"half last\">\n\t\t<p><label> Nachname<br \/>\n<span class=\"wpcf7-form-control-wrap\" data-name=\"last-name\"><input size=\"40\" maxlength=\"400\" class=\"wpcf7-form-control wpcf7-text wpcf7-validates-as-required\" aria-required=\"true\" aria-invalid=\"false\" placeholder=\"Lennon\" value=\"\" type=\"text\" name=\"last-name\" \/><\/span> <\/label>\n\t\t<\/p>\n\t<\/div>\n<\/div>\n<div class=\"cf--row\">\n\t<div class=\"full\">\n\t\t<p><label> E-Mail Adresse<br \/>\n<span class=\"wpcf7-form-control-wrap\" data-name=\"your-email\"><input size=\"40\" maxlength=\"400\" class=\"wpcf7-form-control wpcf7-email wpcf7-validates-as-required wpcf7-text wpcf7-validates-as-email\" autocomplete=\"email\" aria-required=\"true\" aria-invalid=\"false\" placeholder=\"john@halbestunde.com\" value=\"\" type=\"email\" name=\"your-email\" \/><\/span> <\/label>\n\t\t<\/p>\n\t<\/div>\n<\/div>\n<div class=\"cf--row\">\n\t<div class=\"full\">\n\t\t<p><label> Bitte schreiben Sie Ihr Feedback<br \/>\n<span class=\"wpcf7-form-control-wrap\" data-name=\"your-message\"><textarea cols=\"40\" rows=\"10\" maxlength=\"1000\" class=\"wpcf7-form-control wpcf7-textarea wpcf7-validates-as-required\" aria-required=\"true\" aria-invalid=\"false\" name=\"your-message\"><\/textarea><\/span> <\/label><br \/>\n<span class=\"wpcf7-character-count down\" data-target-name=\"your-message\" data-starting-value=\"1000\" data-current-value=\"1000\" data-maximum-value=\"1000\">1000<\/span>\n\t\t<\/p>\n\t<\/div>\n<\/div>\n<div class=\"cf--row\">\n\t<div class=\"full\">\n\t\t<p><input class=\"wpcf7-form-control wpcf7-submit has-spinner\" type=\"submit\" value=\"Senden\" \/>\n\t\t<\/p>\n\t<\/div>\n<\/div><div class=\"wpcf7-response-output\" aria-hidden=\"true\"><\/div>\n<\/form>\n<\/div>\n<\/div>\n<\/div>\n<p>[\/et_pb_text][\/et_pb_column][\/et_pb_row][\/et_pb_section][et_pb_section fb_built=&#8220;1&#8243; custom_padding_last_edited=&#8220;on|phone&#8220; module_id=&#8220;blobs-about-footer&#8220; _builder_version=&#8220;4.24.0&#8243; _module_preset=&#8220;default&#8220; background_color=&#8220;#c8dee8&#8243; custom_padding=&#8220;||55em||false|false&#8220; custom_padding_tablet=&#8220;||50em||false|false&#8220; custom_padding_phone=&#8220;||50em||false|false&#8220; global_colors_info=&#8220;{}&#8220;][\/et_pb_section]<\/p>\n","protected":false},"excerpt":{"rendered":"<p>Die Optical Music Recognition (OMR) von HalbestundeWas ist die Optical Music Recognition (OMR) von Halbestunde? Die Halbestunde OMR konvertiert Notenbl\u00e4tter in XML- und Midi-Dateien, die von anderen Anwendungen und Software genutzt werden k\u00f6nnen. Sie nutzt maschinelles Lernen, um die Noten aus PDFs und Benutzerfotos zu digitalisieren, und ist darauf trainiert, Blickwinkel, Belichtungen und Bildausschnitte zu [&hellip;]<\/p>\n","protected":false},"author":1,"featured_media":2400,"parent":0,"menu_order":0,"comment_status":"closed","ping_status":"closed","template":"","meta":{"_et_pb_use_builder":"on","_et_pb_old_content":"","_et_gb_content_width":"","wcps_page_is_protected":false,"footnotes":""},"class_list":["post-2442","page","type-page","status-publish","has-post-thumbnail","hentry"],"acf":[],"yoast_head":"<!-- This site is optimized with the Yoast SEO plugin v26.9 - https:\/\/yoast.com\/product\/yoast-seo-wordpress\/ -->\n<title>Die Optical Music Recognition (OMR) von Halbestunde - Halbestunde<\/title>\n<meta name=\"robots\" content=\"index, follow, max-snippet:-1, max-image-preview:large, max-video-preview:-1\" \/>\n<link rel=\"canonical\" href=\"https:\/\/halbestunde.com\/de\/optical-music-recognition\/\" \/>\n<meta property=\"og:locale\" content=\"de_DE\" \/>\n<meta property=\"og:type\" content=\"article\" \/>\n<meta property=\"og:title\" content=\"Die Optical Music Recognition (OMR) von Halbestunde - Halbestunde\" \/>\n<meta property=\"og:description\" content=\"Die Optical Music Recognition (OMR) von HalbestundeWas ist die Optical Music Recognition (OMR) von Halbestunde? Die Halbestunde OMR konvertiert Notenbl\u00e4tter in XML- und Midi-Dateien, die von anderen Anwendungen und Software genutzt werden k\u00f6nnen. Sie nutzt maschinelles Lernen, um die Noten aus PDFs und Benutzerfotos zu digitalisieren, und ist darauf trainiert, Blickwinkel, Belichtungen und Bildausschnitte zu [&hellip;]\" \/>\n<meta property=\"og:url\" content=\"https:\/\/halbestunde.com\/de\/optical-music-recognition\/\" \/>\n<meta property=\"og:site_name\" content=\"Halbestunde\" \/>\n<meta property=\"article:modified_time\" content=\"2024-01-22T08:11:48+00:00\" \/>\n<meta property=\"og:image\" content=\"https:\/\/halbestunde.com\/wp-content\/uploads\/2023\/02\/appstore-ready.png\" \/>\n<meta name=\"twitter:card\" content=\"summary_large_image\" \/>\n<meta name=\"twitter:label1\" content=\"Gesch\u00e4tzte Lesezeit\" \/>\n\t<meta name=\"twitter:data1\" content=\"3\u00a0Minuten\" \/>\n<script type=\"application\/ld+json\" class=\"yoast-schema-graph\">{\"@context\":\"https:\/\/schema.org\",\"@graph\":[{\"@type\":\"WebPage\",\"@id\":\"https:\/\/halbestunde.com\/de\/optical-music-recognition\/\",\"url\":\"https:\/\/halbestunde.com\/de\/optical-music-recognition\/\",\"name\":\"Die Optical Music Recognition (OMR) von Halbestunde - Halbestunde\",\"isPartOf\":{\"@id\":\"https:\/\/halbestunde.com\/#website\"},\"primaryImageOfPage\":{\"@id\":\"https:\/\/halbestunde.com\/de\/optical-music-recognition\/#primaryimage\"},\"image\":{\"@id\":\"https:\/\/halbestunde.com\/de\/optical-music-recognition\/#primaryimage\"},\"thumbnailUrl\":\"https:\/\/halbestunde.com\/wp-content\/uploads\/2024\/01\/optical-music-recognition.webp\",\"datePublished\":\"2024-01-15T02:03:42+00:00\",\"dateModified\":\"2024-01-22T08:11:48+00:00\",\"breadcrumb\":{\"@id\":\"https:\/\/halbestunde.com\/de\/optical-music-recognition\/#breadcrumb\"},\"inLanguage\":\"de\",\"potentialAction\":[{\"@type\":\"ReadAction\",\"target\":[\"https:\/\/halbestunde.com\/de\/optical-music-recognition\/\"]}]},{\"@type\":\"ImageObject\",\"inLanguage\":\"de\",\"@id\":\"https:\/\/halbestunde.com\/de\/optical-music-recognition\/#primaryimage\",\"url\":\"https:\/\/halbestunde.com\/wp-content\/uploads\/2024\/01\/optical-music-recognition.webp\",\"contentUrl\":\"https:\/\/halbestunde.com\/wp-content\/uploads\/2024\/01\/optical-music-recognition.webp\",\"width\":230,\"height\":350},{\"@type\":\"BreadcrumbList\",\"@id\":\"https:\/\/halbestunde.com\/de\/optical-music-recognition\/#breadcrumb\",\"itemListElement\":[{\"@type\":\"ListItem\",\"position\":1,\"name\":\"Home\",\"item\":\"https:\/\/halbestunde.com\/de\/\"},{\"@type\":\"ListItem\",\"position\":2,\"name\":\"Die Optical Music Recognition (OMR) von Halbestunde\"}]},{\"@type\":\"WebSite\",\"@id\":\"https:\/\/halbestunde.com\/#website\",\"url\":\"https:\/\/halbestunde.com\/\",\"name\":\"Halbestunde\",\"description\":\"\",\"potentialAction\":[{\"@type\":\"SearchAction\",\"target\":{\"@type\":\"EntryPoint\",\"urlTemplate\":\"https:\/\/halbestunde.com\/?s={search_term_string}\"},\"query-input\":{\"@type\":\"PropertyValueSpecification\",\"valueRequired\":true,\"valueName\":\"search_term_string\"}}],\"inLanguage\":\"de\"}]}<\/script>\n<!-- \/ Yoast SEO plugin. -->","yoast_head_json":{"title":"Die Optical Music Recognition (OMR) von Halbestunde - Halbestunde","robots":{"index":"index","follow":"follow","max-snippet":"max-snippet:-1","max-image-preview":"max-image-preview:large","max-video-preview":"max-video-preview:-1"},"canonical":"https:\/\/halbestunde.com\/de\/optical-music-recognition\/","og_locale":"de_DE","og_type":"article","og_title":"Die Optical Music Recognition (OMR) von Halbestunde - Halbestunde","og_description":"Die Optical Music Recognition (OMR) von HalbestundeWas ist die Optical Music Recognition (OMR) von Halbestunde? Die Halbestunde OMR konvertiert Notenbl\u00e4tter in XML- und Midi-Dateien, die von anderen Anwendungen und Software genutzt werden k\u00f6nnen. Sie nutzt maschinelles Lernen, um die Noten aus PDFs und Benutzerfotos zu digitalisieren, und ist darauf trainiert, Blickwinkel, Belichtungen und Bildausschnitte zu [&hellip;]","og_url":"https:\/\/halbestunde.com\/de\/optical-music-recognition\/","og_site_name":"Halbestunde","article_modified_time":"2024-01-22T08:11:48+00:00","og_image":[{"url":"https:\/\/halbestunde.com\/wp-content\/uploads\/2023\/02\/appstore-ready.png","type":"","width":"","height":""}],"twitter_card":"summary_large_image","twitter_misc":{"Gesch\u00e4tzte Lesezeit":"3\u00a0Minuten"},"schema":{"@context":"https:\/\/schema.org","@graph":[{"@type":"WebPage","@id":"https:\/\/halbestunde.com\/de\/optical-music-recognition\/","url":"https:\/\/halbestunde.com\/de\/optical-music-recognition\/","name":"Die Optical Music Recognition (OMR) von Halbestunde - Halbestunde","isPartOf":{"@id":"https:\/\/halbestunde.com\/#website"},"primaryImageOfPage":{"@id":"https:\/\/halbestunde.com\/de\/optical-music-recognition\/#primaryimage"},"image":{"@id":"https:\/\/halbestunde.com\/de\/optical-music-recognition\/#primaryimage"},"thumbnailUrl":"https:\/\/halbestunde.com\/wp-content\/uploads\/2024\/01\/optical-music-recognition.webp","datePublished":"2024-01-15T02:03:42+00:00","dateModified":"2024-01-22T08:11:48+00:00","breadcrumb":{"@id":"https:\/\/halbestunde.com\/de\/optical-music-recognition\/#breadcrumb"},"inLanguage":"de","potentialAction":[{"@type":"ReadAction","target":["https:\/\/halbestunde.com\/de\/optical-music-recognition\/"]}]},{"@type":"ImageObject","inLanguage":"de","@id":"https:\/\/halbestunde.com\/de\/optical-music-recognition\/#primaryimage","url":"https:\/\/halbestunde.com\/wp-content\/uploads\/2024\/01\/optical-music-recognition.webp","contentUrl":"https:\/\/halbestunde.com\/wp-content\/uploads\/2024\/01\/optical-music-recognition.webp","width":230,"height":350},{"@type":"BreadcrumbList","@id":"https:\/\/halbestunde.com\/de\/optical-music-recognition\/#breadcrumb","itemListElement":[{"@type":"ListItem","position":1,"name":"Home","item":"https:\/\/halbestunde.com\/de\/"},{"@type":"ListItem","position":2,"name":"Die Optical Music Recognition (OMR) von Halbestunde"}]},{"@type":"WebSite","@id":"https:\/\/halbestunde.com\/#website","url":"https:\/\/halbestunde.com\/","name":"Halbestunde","description":"","potentialAction":[{"@type":"SearchAction","target":{"@type":"EntryPoint","urlTemplate":"https:\/\/halbestunde.com\/?s={search_term_string}"},"query-input":{"@type":"PropertyValueSpecification","valueRequired":true,"valueName":"search_term_string"}}],"inLanguage":"de"}]}},"_links":{"self":[{"href":"https:\/\/halbestunde.com\/de\/wp-json\/wp\/v2\/pages\/2442","targetHints":{"allow":["GET"]}}],"collection":[{"href":"https:\/\/halbestunde.com\/de\/wp-json\/wp\/v2\/pages"}],"about":[{"href":"https:\/\/halbestunde.com\/de\/wp-json\/wp\/v2\/types\/page"}],"author":[{"embeddable":true,"href":"https:\/\/halbestunde.com\/de\/wp-json\/wp\/v2\/users\/1"}],"replies":[{"embeddable":true,"href":"https:\/\/halbestunde.com\/de\/wp-json\/wp\/v2\/comments?post=2442"}],"version-history":[{"count":11,"href":"https:\/\/halbestunde.com\/de\/wp-json\/wp\/v2\/pages\/2442\/revisions"}],"predecessor-version":[{"id":2476,"href":"https:\/\/halbestunde.com\/de\/wp-json\/wp\/v2\/pages\/2442\/revisions\/2476"}],"wp:featuredmedia":[{"embeddable":true,"href":"https:\/\/halbestunde.com\/de\/wp-json\/wp\/v2\/media\/2400"}],"wp:attachment":[{"href":"https:\/\/halbestunde.com\/de\/wp-json\/wp\/v2\/media?parent=2442"}],"curies":[{"name":"wp","href":"https:\/\/api.w.org\/{rel}","templated":true}]}}