{"id":1357,"date":"2023-02-09T10:22:55","date_gmt":"2023-02-09T10:22:55","guid":{"rendered":"https:\/\/halbestunde.com\/uber-uns\/"},"modified":"2023-11-14T09:51:17","modified_gmt":"2023-11-14T09:51:17","slug":"uber-uns","status":"publish","type":"page","link":"https:\/\/halbestunde.com\/de\/uber-uns\/","title":{"rendered":"\u00dcber uns"},"content":{"rendered":"<p>[et_pb_section fb_built=&#8220;1&#8243; module_class=&#8220;hero-banner about&#8220; _builder_version=&#8220;4.19.4&#8243; _module_preset=&#8220;default&#8220; background_image=&#8220;https:\/\/halbestunde.com\/wp-content\/uploads\/2023\/02\/piano-guy-compressed.jpg&#8220; custom_padding=&#8220;||0px||false|false&#8220; global_colors_info=&#8220;{}&#8220;][et_pb_row module_class=&#8220;about-row&#8220; _builder_version=&#8220;4.19.4&#8243; _module_preset=&#8220;default&#8220; custom_padding=&#8220;||0px||false|false&#8220; global_colors_info=&#8220;{}&#8220;][et_pb_column type=&#8220;4_4&#8243; _builder_version=&#8220;4.19.4&#8243; _module_preset=&#8220;default&#8220; global_colors_info=&#8220;{}&#8220;][et_pb_text module_id=&#8220;about-intro&#8220; module_class=&#8220;white&#8220; _builder_version=&#8220;4.21.0&#8243; _module_preset=&#8220;default&#8220; global_colors_info=&#8220;{}&#8220;]<\/p>\n<h1 class=\"white\">Wir sind Halbestunde<\/h1>\n<p>Halbestunde m\u00f6chte dich inspirieren und bietet dir die M\u00f6glichkeit, die Lieder zu spielen, die du liebst.<\/p>\n<p>Unser Ziel ist es, das Erlernen von Songs zu einer freudigen und inspirierenden Erfahrung zu machen, indem wir es jedem erm\u00f6glichen, praktisch jedes Musikst\u00fcck zu erlernen.<\/p>\n<p>Unsere Vision ist eine Welt, in der jeder Musiker inspiriert und motiviert ist, der beste Spieler zu sein, der er je sein kann, indem wir ihm die M\u00f6glichkeit geben, alle Songs zu lernen, die er liebt.<\/p>\n<ul class=\"download-apps\" style=\"padding-top: 2.5em;\">\n<li><a href=\"https:\/\/apps.apple.com\/us\/app\/halbestunde-sheet-music-reader\/id1519736220\" target=\"_blank\" rel=\"noopener\"><img decoding=\"async\" style=\"max-width: 140px;\" src=\"https:\/\/halbestunde.com\/wp-content\/uploads\/2023\/02\/appstore-ready.png\"><\/a><\/li>\n<li><a href=\"https:\/\/play.google.com\/store\/apps\/details?id=de.halbestundeuben.app\" target=\"_blank\" rel=\"noopener\"><img decoding=\"async\" style=\"max-width: 140px;\" src=\"https:\/\/halbestunde.com\/wp-content\/uploads\/2023\/02\/gplay-ready.png\"><\/a><\/li>\n<\/ul>\n<p>[\/et_pb_text][\/et_pb_column][\/et_pb_row][\/et_pb_section][et_pb_section fb_built=&#8220;1&#8243; _builder_version=&#8220;4.19.4&#8243; _module_preset=&#8220;default&#8220; background_color=&#8220;#f2eacd&#8220; custom_padding=&#8220;||10em||false|false&#8220; global_colors_info=&#8220;{}&#8220;][et_pb_row _builder_version=&#8220;4.19.4&#8243; _module_preset=&#8220;default&#8220; global_colors_info=&#8220;{}&#8220;][et_pb_column type=&#8220;4_4&#8243; _builder_version=&#8220;4.19.4&#8243; _module_preset=&#8220;default&#8220; global_colors_info=&#8220;{}&#8220;][et_pb_text _builder_version=&#8220;4.21.0&#8243; _module_preset=&#8220;default&#8220; global_colors_info=&#8220;{}&#8220;]<\/p>\n<h2 class=\"aligncenter\">Wer wir sind<\/h2>\n<p>[\/et_pb_text][\/et_pb_column][\/et_pb_row][et_pb_row column_structure=&#8220;1_4,1_4,1_4,1_4&#8243; _builder_version=&#8220;4.19.4&#8243; _module_preset=&#8220;default&#8220; global_colors_info=&#8220;{}&#8220;][et_pb_column type=&#8220;1_4&#8243; _builder_version=&#8220;4.19.4&#8243; _module_preset=&#8220;default&#8220; animation_style=&#8220;fade&#8220; global_colors_info=&#8220;{}&#8220;][et_pb_image src=&#8220;https:\/\/halbestunde.com\/wp-content\/uploads\/2023\/02\/tiberius.png&#8220; title_text=&#8220;tiberius&#8220; align_tablet=&#8220;center&#8220; align_phone=&#8220;center&#8220; align_last_edited=&#8220;on|desktop&#8220; _builder_version=&#8220;4.19.4&#8243; _module_preset=&#8220;default&#8220; global_colors_info=&#8220;{}&#8220;][\/et_pb_image][et_pb_text admin_label=&#8220;Text&#8220; _builder_version=&#8220;4.19.4&#8243; _module_preset=&#8220;default&#8220; text_orientation_tablet=&#8220;center&#8220; text_orientation_phone=&#8220;center&#8220; text_orientation_last_edited=&#8220;on|phone&#8220; global_colors_info=&#8220;{}&#8220;]<\/p>\n<h4>Tiberius Treppner<\/h4>\n<p>Chief Executive Officer<\/p>\n<p>Tiberius ist ein junger Unternehmer (er gr\u00fcndete das Unternehmen, als er erst 16 Jahre alt war), der gerne Klavier und Saxophon spielt. Er liebt den Aufbau von Unternehmen und die Herausforderungen und Chancen, die neue Technologien mit sich bringen.<\/p>\n<p>[\/et_pb_text][\/et_pb_column][et_pb_column type=&#8220;1_4&#8243; _builder_version=&#8220;4.19.4&#8243; _module_preset=&#8220;default&#8220; animation_style=&#8220;fade&#8220; animation_delay=&#8220;250ms&#8220; global_colors_info=&#8220;{}&#8220;][et_pb_image src=&#8220;https:\/\/halbestunde.com\/wp-content\/uploads\/2023\/02\/evgeni.png&#8220; title_text=&#8220;evgeni&#8220; align_tablet=&#8220;center&#8220; align_phone=&#8220;center&#8220; align_last_edited=&#8220;on|desktop&#8220; _builder_version=&#8220;4.19.4&#8243; _module_preset=&#8220;default&#8220; global_colors_info=&#8220;{}&#8220;][\/et_pb_image][et_pb_text admin_label=&#8220;Text&#8220; _builder_version=&#8220;4.19.4&#8243; _module_preset=&#8220;default&#8220; text_orientation_tablet=&#8220;center&#8220; text_orientation_phone=&#8220;center&#8220; text_orientation_last_edited=&#8220;on|desktop&#8220; global_colors_info=&#8220;{}&#8220;]<\/p>\n<h4>Evgenii Koriagin<\/h4>\n<p>Chief Technology Officer<\/p>\n<p>Evgenii leitet das Team von Entwicklern und Experten f\u00fcr maschinelles Lernen bei Halbestunde Er ist ein gro\u00dfer Fan klassischer Musik und genie\u00dft die Entwicklung von mobilen Apps genauso wie die Zeit, die er mit seiner Familie verbringt und die Welt bereiste.<\/p>\n<p>[\/et_pb_text][\/et_pb_column][et_pb_column type=&#8220;1_4&#8243; _builder_version=&#8220;4.19.4&#8243; _module_preset=&#8220;default&#8220; animation_style=&#8220;fade&#8220; animation_delay=&#8220;500ms&#8220; global_colors_info=&#8220;{}&#8220;][et_pb_image src=&#8220;https:\/\/halbestunde.com\/wp-content\/uploads\/2023\/02\/stephen.png&#8220; title_text=&#8220;stephen&#8220; align_tablet=&#8220;center&#8220; align_phone=&#8220;center&#8220; align_last_edited=&#8220;on|desktop&#8220; _builder_version=&#8220;4.19.4&#8243; _module_preset=&#8220;default&#8220; global_colors_info=&#8220;{}&#8220;][\/et_pb_image][et_pb_text _builder_version=&#8220;4.19.4&#8243; _module_preset=&#8220;default&#8220; text_orientation_tablet=&#8220;center&#8220; text_orientation_phone=&#8220;center&#8220; text_orientation_last_edited=&#8220;on|desktop&#8220; global_colors_info=&#8220;{}&#8220;]<\/p>\n<h4>Stephan Arndt<\/h4>\n<p>Chief Product Officer<\/p>\n<p>Stephan navigiert zwischen Zahlen und Strategie. Er hat als Teenager Klavier gespielt und ist derjenige, der daf\u00fcr sorgt, dass das Unternehmen das richtige Tempo (oder sagen wir besser den richtigen Takt) hat und dass Finanzen, Produkt und Vision zusammenkommen.<\/p>\n<p>[\/et_pb_text][\/et_pb_column][et_pb_column type=&#8220;1_4&#8243; _builder_version=&#8220;4.19.4&#8243; _module_preset=&#8220;default&#8220; animation_style=&#8220;fade&#8220; animation_delay=&#8220;750ms&#8220; global_colors_info=&#8220;{}&#8220;][et_pb_image src=&#8220;https:\/\/halbestunde.com\/wp-content\/uploads\/2023\/02\/breno.png&#8220; title_text=&#8220;breno&#8220; align_tablet=&#8220;center&#8220; align_phone=&#8220;center&#8220; align_last_edited=&#8220;on|desktop&#8220; _builder_version=&#8220;4.19.4&#8243; _module_preset=&#8220;default&#8220; global_colors_info=&#8220;{}&#8220;][\/et_pb_image][et_pb_text _builder_version=&#8220;4.19.4&#8243; _module_preset=&#8220;default&#8220; text_orientation_tablet=&#8220;center&#8220; text_orientation_phone=&#8220;center&#8220; text_orientation_last_edited=&#8220;on|phone&#8220; global_colors_info=&#8220;{}&#8220;]<\/p>\n<h4>Breno Pessoa<\/h4>\n<p>Chief Marketing Officer<\/p>\n<p>Breno ist im Herzen ein kreativer Kopf und hat umfangreiche Erfahrungen mit SaaS- und Scale-up-Unternehmen. Er liebt es, an der Schnittstelle zwischen Marketing und Produkt zu arbeiten, und hat eine Leidenschaft f\u00fcr die Musikindustrie.<\/p>\n<p>[\/et_pb_text][\/et_pb_column][\/et_pb_row][\/et_pb_section][et_pb_section fb_built=&#8220;1&#8243; module_id=&#8220;feedbacks-requests&#8220; module_class=&#8220;boxed-section&#8220; _builder_version=&#8220;4.19.4&#8243; _module_preset=&#8220;default&#8220; custom_padding=&#8220;1.8em||1.8em||false|false&#8220; global_colors_info=&#8220;{}&#8220;][et_pb_row _builder_version=&#8220;4.19.4&#8243; _module_preset=&#8220;default&#8220; global_colors_info=&#8220;{}&#8220;][et_pb_column type=&#8220;4_4&#8243; _builder_version=&#8220;4.19.4&#8243; _module_preset=&#8220;default&#8220; global_colors_info=&#8220;{}&#8220;][et_pb_text admin_label=&#8220;Feedbacks&#8220; _builder_version=&#8220;4.22.2&#8243; _module_preset=&#8220;default&#8220; hover_enabled=&#8220;0&#8243; global_colors_info=&#8220;{}&#8220; sticky_enabled=&#8220;0&#8243;]<\/p>\n<div>\n<h2 class=\"aligncenter\" style=\"line-height:125%\">Feature-W\u00fcnsche oder Feedback?<\/h2>\n<h6 class=\"aligncenter\">Hast du eine Frage zu unserem Produkt, unseren Abos oder Feature-W\u00fcnsche? Lass es uns wissen!<\/h6>\n<div class=\"contact-form--frame\">\n<div class=\"wpcf7 no-js\" id=\"wpcf7-f2097-o1\" lang=\"en-US\" dir=\"ltr\" data-wpcf7-id=\"2097\">\n<div class=\"screen-reader-response\"><p role=\"status\" aria-live=\"polite\" aria-atomic=\"true\"><\/p> <ul><\/ul><\/div>\n<form action=\"\/de\/wp-json\/wp\/v2\/pages\/1357#wpcf7-f2097-o1\" method=\"post\" class=\"wpcf7-form init\" aria-label=\"Contact form\" novalidate=\"novalidate\" data-status=\"init\">\n<div style=\"display: none;\">\n<input type=\"hidden\" name=\"_wpcf7\" value=\"2097\" \/>\n<input type=\"hidden\" name=\"_wpcf7_version\" value=\"6.0.6\" \/>\n<input type=\"hidden\" name=\"_wpcf7_locale\" value=\"en_US\" \/>\n<input type=\"hidden\" name=\"_wpcf7_unit_tag\" value=\"wpcf7-f2097-o1\" \/>\n<input type=\"hidden\" name=\"_wpcf7_container_post\" value=\"0\" \/>\n<input type=\"hidden\" name=\"_wpcf7_posted_data_hash\" value=\"\" \/>\n<input type=\"hidden\" name=\"_wpcf7_recaptcha_response\" value=\"\" \/>\n<\/div>\n<div class=\"cf--row\">\n\t<div class=\"half first\">\n\t\t<p><label> Vorname<br \/>\n<span class=\"wpcf7-form-control-wrap\" data-name=\"your-name\"><input size=\"40\" maxlength=\"400\" class=\"wpcf7-form-control wpcf7-text wpcf7-validates-as-required\" autocomplete=\"name\" aria-required=\"true\" aria-invalid=\"false\" placeholder=\"John\" value=\"\" type=\"text\" name=\"your-name\" \/><\/span> <\/label>\n\t\t<\/p>\n\t<\/div>\n\t<div class=\"half last\">\n\t\t<p><label> Nachname<br \/>\n<span class=\"wpcf7-form-control-wrap\" data-name=\"last-name\"><input size=\"40\" maxlength=\"400\" class=\"wpcf7-form-control wpcf7-text wpcf7-validates-as-required\" aria-required=\"true\" aria-invalid=\"false\" placeholder=\"Lennon\" value=\"\" type=\"text\" name=\"last-name\" \/><\/span> <\/label>\n\t\t<\/p>\n\t<\/div>\n<\/div>\n<div class=\"cf--row\">\n\t<div class=\"full\">\n\t\t<p><label> E-Mail Adresse<br \/>\n<span class=\"wpcf7-form-control-wrap\" data-name=\"your-email\"><input size=\"40\" maxlength=\"400\" class=\"wpcf7-form-control wpcf7-email wpcf7-validates-as-required wpcf7-text wpcf7-validates-as-email\" autocomplete=\"email\" aria-required=\"true\" aria-invalid=\"false\" placeholder=\"john@halbestunde.com\" value=\"\" type=\"email\" name=\"your-email\" \/><\/span> <\/label>\n\t\t<\/p>\n\t<\/div>\n<\/div>\n<div class=\"cf--row\">\n\t<div class=\"full\">\n\t\t<p><label> Bitte schreiben Sie Ihr Feedback<br \/>\n<span class=\"wpcf7-form-control-wrap\" data-name=\"your-message\"><textarea cols=\"40\" rows=\"10\" maxlength=\"1000\" class=\"wpcf7-form-control wpcf7-textarea wpcf7-validates-as-required\" aria-required=\"true\" aria-invalid=\"false\" name=\"your-message\"><\/textarea><\/span> <\/label><br \/>\n<span class=\"wpcf7-character-count down\" data-target-name=\"your-message\" data-starting-value=\"1000\" data-current-value=\"1000\" data-maximum-value=\"1000\">1000<\/span>\n\t\t<\/p>\n\t<\/div>\n<\/div>\n<div class=\"cf--row\">\n\t<div class=\"full\">\n\t\t<p><input class=\"wpcf7-form-control wpcf7-submit has-spinner\" type=\"submit\" value=\"Senden\" \/>\n\t\t<\/p>\n\t<\/div>\n<\/div><div class=\"wpcf7-response-output\" aria-hidden=\"true\"><\/div>\n<\/form>\n<\/div>\n<\/div>\n<\/div>\n<p>[\/et_pb_text][\/et_pb_column][\/et_pb_row][\/et_pb_section][et_pb_section fb_built=&#8220;1&#8243; custom_padding_last_edited=&#8220;on|phone&#8220; module_id=&#8220;blobs-about-footer&#8220; _builder_version=&#8220;4.19.4&#8243; _module_preset=&#8220;default&#8220; background_color=&#8220;#c8dee8&#8243; custom_padding=&#8220;||55em||false|false&#8220; custom_padding_tablet=&#8220;||50em||false|false&#8220; custom_padding_phone=&#8220;||50em||false|false&#8220; global_colors_info=&#8220;{}&#8220;][\/et_pb_section]<\/p>\n","protected":false},"excerpt":{"rendered":"<p>Wir sind Halbestunde Halbestunde m\u00f6chte dich inspirieren und bietet dir die M\u00f6glichkeit, die Lieder zu spielen, die du liebst. Unser Ziel ist es, das Erlernen von Songs zu einer freudigen und inspirierenden Erfahrung zu machen, indem wir es jedem erm\u00f6glichen, praktisch jedes Musikst\u00fcck zu erlernen. Unsere Vision ist eine Welt, in der jeder Musiker inspiriert [&hellip;]<\/p>\n","protected":false},"author":1,"featured_media":1235,"parent":0,"menu_order":-5,"comment_status":"closed","ping_status":"closed","template":"","meta":{"_et_pb_use_builder":"on","_et_pb_old_content":"","_et_gb_content_width":"","wcps_page_is_protected":false,"footnotes":""},"class_list":["post-1357","page","type-page","status-publish","has-post-thumbnail","hentry"],"acf":[],"yoast_head":"<!-- This site is optimized with the Yoast SEO plugin v26.9 - https:\/\/yoast.com\/product\/yoast-seo-wordpress\/ -->\n<title>\u00dcber uns | Halbestunde<\/title>\n<meta name=\"robots\" content=\"index, follow, max-snippet:-1, max-image-preview:large, max-video-preview:-1\" \/>\n<link rel=\"canonical\" href=\"https:\/\/halbestunde.com\/de\/uber-uns\/\" \/>\n<meta property=\"og:locale\" content=\"de_DE\" \/>\n<meta property=\"og:type\" content=\"article\" \/>\n<meta property=\"og:title\" content=\"\u00dcber uns | Halbestunde\" \/>\n<meta property=\"og:description\" content=\"Wir sind Halbestunde Halbestunde m\u00f6chte dich inspirieren und bietet dir die M\u00f6glichkeit, die Lieder zu spielen, die du liebst. Unser Ziel ist es, das Erlernen von Songs zu einer freudigen und inspirierenden Erfahrung zu machen, indem wir es jedem erm\u00f6glichen, praktisch jedes Musikst\u00fcck zu erlernen. Unsere Vision ist eine Welt, in der jeder Musiker inspiriert [&hellip;]\" \/>\n<meta property=\"og:url\" content=\"https:\/\/halbestunde.com\/de\/uber-uns\/\" \/>\n<meta property=\"og:site_name\" content=\"Halbestunde\" \/>\n<meta property=\"article:modified_time\" content=\"2023-11-14T09:51:17+00:00\" \/>\n<meta property=\"og:image\" content=\"https:\/\/halbestunde.com\/wp-content\/uploads\/2023\/03\/homepage-slide-3-min.png\" \/>\n\t<meta property=\"og:image:width\" content=\"570\" \/>\n\t<meta property=\"og:image:height\" content=\"539\" \/>\n\t<meta property=\"og:image:type\" content=\"image\/png\" \/>\n<meta name=\"twitter:card\" content=\"summary_large_image\" \/>\n<meta name=\"twitter:label1\" content=\"Gesch\u00e4tzte Lesezeit\" \/>\n\t<meta name=\"twitter:data1\" content=\"3\u00a0Minuten\" \/>\n<script type=\"application\/ld+json\" class=\"yoast-schema-graph\">{\"@context\":\"https:\/\/schema.org\",\"@graph\":[{\"@type\":\"WebPage\",\"@id\":\"https:\/\/halbestunde.com\/de\/uber-uns\/\",\"url\":\"https:\/\/halbestunde.com\/de\/uber-uns\/\",\"name\":\"\u00dcber uns | Halbestunde\",\"isPartOf\":{\"@id\":\"https:\/\/halbestunde.com\/#website\"},\"primaryImageOfPage\":{\"@id\":\"https:\/\/halbestunde.com\/de\/uber-uns\/#primaryimage\"},\"image\":{\"@id\":\"https:\/\/halbestunde.com\/de\/uber-uns\/#primaryimage\"},\"thumbnailUrl\":\"https:\/\/halbestunde.com\/wp-content\/uploads\/2023\/03\/homepage-slide-3-min.png\",\"datePublished\":\"2023-02-09T10:22:55+00:00\",\"dateModified\":\"2023-11-14T09:51:17+00:00\",\"breadcrumb\":{\"@id\":\"https:\/\/halbestunde.com\/de\/uber-uns\/#breadcrumb\"},\"inLanguage\":\"de\",\"potentialAction\":[{\"@type\":\"ReadAction\",\"target\":[\"https:\/\/halbestunde.com\/de\/uber-uns\/\"]}]},{\"@type\":\"ImageObject\",\"inLanguage\":\"de\",\"@id\":\"https:\/\/halbestunde.com\/de\/uber-uns\/#primaryimage\",\"url\":\"https:\/\/halbestunde.com\/wp-content\/uploads\/2023\/03\/homepage-slide-3-min.png\",\"contentUrl\":\"https:\/\/halbestunde.com\/wp-content\/uploads\/2023\/03\/homepage-slide-3-min.png\",\"width\":570,\"height\":539},{\"@type\":\"BreadcrumbList\",\"@id\":\"https:\/\/halbestunde.com\/de\/uber-uns\/#breadcrumb\",\"itemListElement\":[{\"@type\":\"ListItem\",\"position\":1,\"name\":\"Home\",\"item\":\"https:\/\/halbestunde.com\/de\/\"},{\"@type\":\"ListItem\",\"position\":2,\"name\":\"\u00dcber uns\"}]},{\"@type\":\"WebSite\",\"@id\":\"https:\/\/halbestunde.com\/#website\",\"url\":\"https:\/\/halbestunde.com\/\",\"name\":\"Halbestunde\",\"description\":\"\",\"potentialAction\":[{\"@type\":\"SearchAction\",\"target\":{\"@type\":\"EntryPoint\",\"urlTemplate\":\"https:\/\/halbestunde.com\/?s={search_term_string}\"},\"query-input\":{\"@type\":\"PropertyValueSpecification\",\"valueRequired\":true,\"valueName\":\"search_term_string\"}}],\"inLanguage\":\"de\"}]}<\/script>\n<!-- \/ Yoast SEO plugin. -->","yoast_head_json":{"title":"\u00dcber uns | Halbestunde","robots":{"index":"index","follow":"follow","max-snippet":"max-snippet:-1","max-image-preview":"max-image-preview:large","max-video-preview":"max-video-preview:-1"},"canonical":"https:\/\/halbestunde.com\/de\/uber-uns\/","og_locale":"de_DE","og_type":"article","og_title":"\u00dcber uns | Halbestunde","og_description":"Wir sind Halbestunde Halbestunde m\u00f6chte dich inspirieren und bietet dir die M\u00f6glichkeit, die Lieder zu spielen, die du liebst. Unser Ziel ist es, das Erlernen von Songs zu einer freudigen und inspirierenden Erfahrung zu machen, indem wir es jedem erm\u00f6glichen, praktisch jedes Musikst\u00fcck zu erlernen. Unsere Vision ist eine Welt, in der jeder Musiker inspiriert [&hellip;]","og_url":"https:\/\/halbestunde.com\/de\/uber-uns\/","og_site_name":"Halbestunde","article_modified_time":"2023-11-14T09:51:17+00:00","og_image":[{"width":570,"height":539,"url":"https:\/\/halbestunde.com\/wp-content\/uploads\/2023\/03\/homepage-slide-3-min.png","type":"image\/png"}],"twitter_card":"summary_large_image","twitter_misc":{"Gesch\u00e4tzte Lesezeit":"3\u00a0Minuten"},"schema":{"@context":"https:\/\/schema.org","@graph":[{"@type":"WebPage","@id":"https:\/\/halbestunde.com\/de\/uber-uns\/","url":"https:\/\/halbestunde.com\/de\/uber-uns\/","name":"\u00dcber uns | Halbestunde","isPartOf":{"@id":"https:\/\/halbestunde.com\/#website"},"primaryImageOfPage":{"@id":"https:\/\/halbestunde.com\/de\/uber-uns\/#primaryimage"},"image":{"@id":"https:\/\/halbestunde.com\/de\/uber-uns\/#primaryimage"},"thumbnailUrl":"https:\/\/halbestunde.com\/wp-content\/uploads\/2023\/03\/homepage-slide-3-min.png","datePublished":"2023-02-09T10:22:55+00:00","dateModified":"2023-11-14T09:51:17+00:00","breadcrumb":{"@id":"https:\/\/halbestunde.com\/de\/uber-uns\/#breadcrumb"},"inLanguage":"de","potentialAction":[{"@type":"ReadAction","target":["https:\/\/halbestunde.com\/de\/uber-uns\/"]}]},{"@type":"ImageObject","inLanguage":"de","@id":"https:\/\/halbestunde.com\/de\/uber-uns\/#primaryimage","url":"https:\/\/halbestunde.com\/wp-content\/uploads\/2023\/03\/homepage-slide-3-min.png","contentUrl":"https:\/\/halbestunde.com\/wp-content\/uploads\/2023\/03\/homepage-slide-3-min.png","width":570,"height":539},{"@type":"BreadcrumbList","@id":"https:\/\/halbestunde.com\/de\/uber-uns\/#breadcrumb","itemListElement":[{"@type":"ListItem","position":1,"name":"Home","item":"https:\/\/halbestunde.com\/de\/"},{"@type":"ListItem","position":2,"name":"\u00dcber uns"}]},{"@type":"WebSite","@id":"https:\/\/halbestunde.com\/#website","url":"https:\/\/halbestunde.com\/","name":"Halbestunde","description":"","potentialAction":[{"@type":"SearchAction","target":{"@type":"EntryPoint","urlTemplate":"https:\/\/halbestunde.com\/?s={search_term_string}"},"query-input":{"@type":"PropertyValueSpecification","valueRequired":true,"valueName":"search_term_string"}}],"inLanguage":"de"}]}},"_links":{"self":[{"href":"https:\/\/halbestunde.com\/de\/wp-json\/wp\/v2\/pages\/1357","targetHints":{"allow":["GET"]}}],"collection":[{"href":"https:\/\/halbestunde.com\/de\/wp-json\/wp\/v2\/pages"}],"about":[{"href":"https:\/\/halbestunde.com\/de\/wp-json\/wp\/v2\/types\/page"}],"author":[{"embeddable":true,"href":"https:\/\/halbestunde.com\/de\/wp-json\/wp\/v2\/users\/1"}],"replies":[{"embeddable":true,"href":"https:\/\/halbestunde.com\/de\/wp-json\/wp\/v2\/comments?post=1357"}],"version-history":[{"count":3,"href":"https:\/\/halbestunde.com\/de\/wp-json\/wp\/v2\/pages\/1357\/revisions"}],"predecessor-version":[{"id":2103,"href":"https:\/\/halbestunde.com\/de\/wp-json\/wp\/v2\/pages\/1357\/revisions\/2103"}],"wp:featuredmedia":[{"embeddable":true,"href":"https:\/\/halbestunde.com\/de\/wp-json\/wp\/v2\/media\/1235"}],"wp:attachment":[{"href":"https:\/\/halbestunde.com\/de\/wp-json\/wp\/v2\/media?parent=1357"}],"curies":[{"name":"wp","href":"https:\/\/api.w.org\/{rel}","templated":true}]}}